{"id":1019,"date":"2025-08-06T19:33:08","date_gmt":"2025-08-06T22:33:08","guid":{"rendered":"https:\/\/crbferramentas.com.br\/?page_id=1019"},"modified":"2025-08-06T19:59:04","modified_gmt":"2025-08-06T22:59:04","slug":"captos","status":"publish","type":"page","link":"https:\/\/crbferramentas.com.br\/?page_id=1019","title":{"rendered":"Capto"},"content":{"rendered":"\n<p id=\"block-d4eb55a1-7ac3-419a-a948-c006d61e409f\">O suporte CAPTO \u00e9 um sistema modular de fixa\u00e7\u00e3o amplamente utilizado na usinagem de precis\u00e3o.<br>Reduz vibra\u00e7\u00e3o, melhora o acabamento superficial e aumenta a vida \u00fatil da ferramenta.<\/p>\n\n\n\n<p id=\"block-d4eb55a1-7ac3-419a-a948-c006d61e409f\"><\/p>\n\n\n\n<figure class=\"wp-block-image size-large\" id=\"block-b5c66ae0-fc9d-4f01-95b5-8d9fb01fca38\"><img loading=\"lazy\" decoding=\"async\" width=\"1024\" height=\"1024\" src=\"https:\/\/crbferramentas.com.br\/wp-content\/uploads\/2025\/08\/WhatsApp-Image-2025-08-04-at-15.02.00-1-1024x1024.jpeg\" alt=\"\" class=\"wp-image-1030\" srcset=\"https:\/\/crbferramentas.com.br\/wp-content\/uploads\/2025\/08\/WhatsApp-Image-2025-08-04-at-15.02.00-1-1024x1024.jpeg 1024w, https:\/\/crbferramentas.com.br\/wp-content\/uploads\/2025\/08\/WhatsApp-Image-2025-08-04-at-15.02.00-1-300x300.jpeg 300w, https:\/\/crbferramentas.com.br\/wp-content\/uploads\/2025\/08\/WhatsApp-Image-2025-08-04-at-15.02.00-1-150x150.jpeg 150w, https:\/\/crbferramentas.com.br\/wp-content\/uploads\/2025\/08\/WhatsApp-Image-2025-08-04-at-15.02.00-1-768x768.jpeg 768w, https:\/\/crbferramentas.com.br\/wp-content\/uploads\/2025\/08\/WhatsApp-Image-2025-08-04-at-15.02.00-1.jpeg 1080w\" sizes=\"auto, (max-width: 1024px) 100vw, 1024px\" \/><\/figure>\n","protected":false},"excerpt":{"rendered":"<p>O suporte CAPTO \u00e9 um sistema modular de fixa\u00e7\u00e3o amplamente utilizado na usinagem de precis\u00e3o.Reduz vibra\u00e7\u00e3o, melhora o acabamento superficial e aumenta a vida \u00fatil da ferramenta.<\/p>\n","protected":false},"author":2,"featured_media":0,"parent":0,"menu_order":0,"comment_status":"closed","ping_status":"closed","template":"","meta":{"footnotes":""},"class_list":["post-1019","page","type-page","status-publish","hentry"],"_links":{"self":[{"href":"https:\/\/crbferramentas.com.br\/index.php?rest_route=\/wp\/v2\/pages\/1019","targetHints":{"allow":["GET"]}}],"collection":[{"href":"https:\/\/crbferramentas.com.br\/index.php?rest_route=\/wp\/v2\/pages"}],"about":[{"href":"https:\/\/crbferramentas.com.br\/index.php?rest_route=\/wp\/v2\/types\/page"}],"author":[{"embeddable":true,"href":"https:\/\/crbferramentas.com.br\/index.php?rest_route=\/wp\/v2\/users\/2"}],"replies":[{"embeddable":true,"href":"https:\/\/crbferramentas.com.br\/index.php?rest_route=%2Fwp%2Fv2%2Fcomments&post=1019"}],"version-history":[{"count":3,"href":"https:\/\/crbferramentas.com.br\/index.php?rest_route=\/wp\/v2\/pages\/1019\/revisions"}],"predecessor-version":[{"id":1032,"href":"https:\/\/crbferramentas.com.br\/index.php?rest_route=\/wp\/v2\/pages\/1019\/revisions\/1032"}],"wp:attachment":[{"href":"https:\/\/crbferramentas.com.br\/index.php?rest_route=%2Fwp%2Fv2%2Fmedia&parent=1019"}],"curies":[{"name":"wp","href":"https:\/\/api.w.org\/{rel}","templated":true}]}}