{"id":119,"date":"2019-09-11T17:50:51","date_gmt":"2019-09-11T20:50:51","guid":{"rendered":"https:\/\/crbferramentas.com.br\/?page_id=119"},"modified":"2025-07-29T21:14:00","modified_gmt":"2025-07-30T00:14:00","slug":"fresas","status":"publish","type":"page","link":"https:\/\/crbferramentas.com.br\/?page_id=119","title":{"rendered":"Cabe\u00e7ote de Fresamento"},"content":{"rendered":"\n<p>O cabe\u00e7ote de fresamento \u00e9 um acess\u00f3rio usado em fresadoras ou centros de usinagem, para suportar e girar as ferramentas de corte.<br>Permite usinagem em diferentes \u00e2ngulos.<br>Alguns cabe\u00e7otes s\u00e3o fixos, outros inclin\u00e1veis ou universais, permitindo trabalhar em \u00e2ngulos variados, como 45\u00b0 ou 90\u00b0.<\/p>\n\n\n\n<figure class=\"wp-block-image size-large\"><img loading=\"lazy\" decoding=\"async\" width=\"768\" height=\"1024\" src=\"https:\/\/crbferramentas.com.br\/wp-content\/uploads\/2025\/07\/WhatsApp-Image-2025-07-29-at-21.11.43-768x1024.jpeg\" alt=\"\" class=\"wp-image-923\" srcset=\"https:\/\/crbferramentas.com.br\/wp-content\/uploads\/2025\/07\/WhatsApp-Image-2025-07-29-at-21.11.43-768x1024.jpeg 768w, https:\/\/crbferramentas.com.br\/wp-content\/uploads\/2025\/07\/WhatsApp-Image-2025-07-29-at-21.11.43-225x300.jpeg 225w, https:\/\/crbferramentas.com.br\/wp-content\/uploads\/2025\/07\/WhatsApp-Image-2025-07-29-at-21.11.43-1152x1536.jpeg 1152w, https:\/\/crbferramentas.com.br\/wp-content\/uploads\/2025\/07\/WhatsApp-Image-2025-07-29-at-21.11.43.jpeg 1200w\" sizes=\"auto, (max-width: 768px) 100vw, 768px\" \/><\/figure>\n\n\n\n<figure class=\"wp-block-image size-full is-resized\"><img loading=\"lazy\" decoding=\"async\" width=\"383\" height=\"312\" src=\"https:\/\/crbferramentas.com.br\/wp-content\/uploads\/2025\/07\/WhatsApp-Image-2025-07-29-at-21.11.44.jpeg\" alt=\"\" class=\"wp-image-924\" style=\"width:740px;height:auto\" srcset=\"https:\/\/crbferramentas.com.br\/wp-content\/uploads\/2025\/07\/WhatsApp-Image-2025-07-29-at-21.11.44.jpeg 383w, https:\/\/crbferramentas.com.br\/wp-content\/uploads\/2025\/07\/WhatsApp-Image-2025-07-29-at-21.11.44-300x244.jpeg 300w\" sizes=\"auto, (max-width: 383px) 100vw, 383px\" \/><\/figure>\n","protected":false},"excerpt":{"rendered":"<p>O cabe\u00e7ote de fresamento \u00e9 um acess\u00f3rio usado em fresadoras ou centros de usinagem, para suportar e girar as ferramentas de corte.Permite usinagem em diferentes \u00e2ngulos.Alguns cabe\u00e7otes s\u00e3o fixos, outros inclin\u00e1veis ou universais, permitindo trabalhar em \u00e2ngulos variados, como 45\u00b0 ou 90\u00b0.<\/p>\n","protected":false},"author":2,"featured_media":0,"parent":0,"menu_order":0,"comment_status":"closed","ping_status":"closed","template":"","meta":{"footnotes":""},"class_list":["post-119","page","type-page","status-publish","hentry"],"_links":{"self":[{"href":"https:\/\/crbferramentas.com.br\/index.php?rest_route=\/wp\/v2\/pages\/119","targetHints":{"allow":["GET"]}}],"collection":[{"href":"https:\/\/crbferramentas.com.br\/index.php?rest_route=\/wp\/v2\/pages"}],"about":[{"href":"https:\/\/crbferramentas.com.br\/index.php?rest_route=\/wp\/v2\/types\/page"}],"author":[{"embeddable":true,"href":"https:\/\/crbferramentas.com.br\/index.php?rest_route=\/wp\/v2\/users\/2"}],"replies":[{"embeddable":true,"href":"https:\/\/crbferramentas.com.br\/index.php?rest_route=%2Fwp%2Fv2%2Fcomments&post=119"}],"version-history":[{"count":14,"href":"https:\/\/crbferramentas.com.br\/index.php?rest_route=\/wp\/v2\/pages\/119\/revisions"}],"predecessor-version":[{"id":925,"href":"https:\/\/crbferramentas.com.br\/index.php?rest_route=\/wp\/v2\/pages\/119\/revisions\/925"}],"wp:attachment":[{"href":"https:\/\/crbferramentas.com.br\/index.php?rest_route=%2Fwp%2Fv2%2Fmedia&parent=119"}],"curies":[{"name":"wp","href":"https:\/\/api.w.org\/{rel}","templated":true}]}}