{"id":169,"date":"2019-11-26T15:00:15","date_gmt":"2019-11-26T18:00:15","guid":{"rendered":"https:\/\/crbferramentas.com.br\/?page_id=169"},"modified":"2025-08-06T19:51:49","modified_gmt":"2025-08-06T22:51:49","slug":"servicos","status":"publish","type":"page","link":"https:\/\/crbferramentas.com.br\/?page_id=169","title":{"rendered":"Nossos Servi\u00e7os"},"content":{"rendered":"\n<p>Especialistas em solu\u00e7\u00f5es t\u00e9cnicas para usinagem. Fabricamos, reformamos e otimizamos ferramentas com efici\u00eancia, economia e suporte especializado.<\/p>\n\n\n\n<div class=\"wp-block-media-text is-stacked-on-mobile\"><figure class=\"wp-block-media-text__media\"><img loading=\"lazy\" decoding=\"async\" width=\"376\" height=\"371\" src=\"https:\/\/crbferramentas.com.br\/wp-content\/uploads\/2025\/07\/Imagem1.jpg\" alt=\"\" class=\"wp-image-753 size-full\" srcset=\"https:\/\/crbferramentas.com.br\/wp-content\/uploads\/2025\/07\/Imagem1.jpg 376w, https:\/\/crbferramentas.com.br\/wp-content\/uploads\/2025\/07\/Imagem1-300x296.jpg 300w\" sizes=\"auto, (max-width: 376px) 100vw, 376px\" \/><\/figure><div class=\"wp-block-media-text__content\">\n<p><strong>Fabrica\u00e7\u00e3o de Ferramentas Intercambi\u00e1veis e Especiais<\/strong><\/p>\n\n\n\n<p>Fabricamos ferramentas intercambi\u00e1veis e especiais para processos de usinagem, de acordo com as especifica\u00e7\u00f5es t\u00e9cnicas e necessidades exclusivas de cada cliente. Com foco em desempenho, durabilidade e precis\u00e3o, garantindo a melhor solu\u00e7\u00e3o para cada aplica\u00e7\u00e3o.<\/p>\n<\/div><\/div>\n\n\n\n<div class=\"wp-block-media-text has-media-on-the-right is-stacked-on-mobile is-vertically-aligned-center has-black-background-color has-background\" style=\"padding-right:var(--wp--preset--spacing--50);padding-left:0;grid-template-columns:auto 37%\"><div class=\"wp-block-media-text__content\">\n<p><strong>Reforma\/Recondicionamento<\/strong><\/p>\n\n\n\n<p>Recondicionamos todos os tipos de ferramentas de corte para processos de usinagem, com alto padr\u00e3o de qualidade t\u00e9cnica.<br>Recuperamos formato, dimens\u00f5es e acabamento com precis\u00e3o, oferecendo desempenho equivalente ao de uma ferramenta nova. Utilizamos solda de alta dureza (40 a 44 HRC), garantindo resist\u00eancia, durabilidade e confiabilidade no processo. Al\u00e9m de proporcionamos uma economia m\u00e9dia de 35% a 40% em compara\u00e7\u00e3o \u00e0 aquisi\u00e7\u00e3o de uma ferramenta nova.<\/p>\n<\/div><figure class=\"wp-block-media-text__media\"><img loading=\"lazy\" decoding=\"async\" width=\"575\" height=\"1024\" src=\"https:\/\/crbferramentas.com.br\/wp-content\/uploads\/2025\/08\/Black-Modern-Beer-Birthday-Invitation-5-1-575x1024.png\" alt=\"\" class=\"wp-image-1027 size-full\" srcset=\"https:\/\/crbferramentas.com.br\/wp-content\/uploads\/2025\/08\/Black-Modern-Beer-Birthday-Invitation-5-1-575x1024.png 575w, https:\/\/crbferramentas.com.br\/wp-content\/uploads\/2025\/08\/Black-Modern-Beer-Birthday-Invitation-5-1-168x300.png 168w, https:\/\/crbferramentas.com.br\/wp-content\/uploads\/2025\/08\/Black-Modern-Beer-Birthday-Invitation-5-1-768x1369.png 768w, https:\/\/crbferramentas.com.br\/wp-content\/uploads\/2025\/08\/Black-Modern-Beer-Birthday-Invitation-5-1-862x1536.png 862w, https:\/\/crbferramentas.com.br\/wp-content\/uploads\/2025\/08\/Black-Modern-Beer-Birthday-Invitation-5-1.png 922w\" sizes=\"auto, (max-width: 575px) 100vw, 575px\" \/><\/figure><\/div>\n\n\n\n<div class=\"wp-block-media-text is-stacked-on-mobile is-vertically-aligned-top\"><figure class=\"wp-block-media-text__media\"><img loading=\"lazy\" decoding=\"async\" width=\"1200\" height=\"1212\" src=\"https:\/\/crbferramentas.com.br\/wp-content\/uploads\/2025\/07\/WhatsApp-Image-2025-07-24-at-18.40.48-1.jpeg\" alt=\"\" class=\"wp-image-832 size-full\"\/><\/figure><div class=\"wp-block-media-text__content\">\n<p><strong>Suporte T\u00e9cnico Especializado para setup em usinagem:<\/strong><\/p>\n\n\n\n<p>Orienta\u00e7\u00e3o especializada para melhorar produtividade e efici\u00eancia nos processos do cliente.<\/p>\n<\/div><\/div>\n\n\n\n<div style=\"height:100px\" aria-hidden=\"true\" class=\"wp-block-spacer\"><\/div>\n\n\n\n<h2 class=\"wp-block-heading has-text-align-center\"><strong><mark style=\"background-color:rgba(0, 0, 0, 0)\" class=\"has-inline-color has-ti-fg-alt-color\">Tipos de Ferramentas Atendidas<\/mark><\/strong><\/h2>\n\n\n\n<ul class=\"wp-block-list\">\n<li>Barra Antivibrat\u00f3ria de Metal Duro<\/li>\n\n\n\n<li>Bedame e Suportes de Torneamento<\/li>\n\n\n\n<li>Broca Tmax, Longa e de Fura\u00e7\u00e3o Profunda<\/li>\n\n\n\n<li>Broca Trilho<\/li>\n\n\n\n<li>Cabe\u00e7ote de Fresamento<\/li>\n\n\n\n<li>Captos<\/li>\n\n\n\n<li>C\u00e1psulas Especiais<\/li>\n\n\n\n<li>C\u00e1psulas para aparelho microm\u00e9trico<\/li>\n\n\n\n<li>Fresa Disco para Usinagem de Virabrequins<\/li>\n\n\n\n<li>Fresas Disco em geral<\/li>\n\n\n\n<li>Fresa Engate Roscado<\/li>\n\n\n\n<li>Fresa Topo<\/li>\n\n\n\n<li>Fresa Abacaxi<\/li>\n\n\n\n<li>Fresa M\u00f3dulo<\/li>\n\n\n\n<li>Ferramentas Especiais sob consulta (mediante esbo\u00e7o\/croqui\/desenho)<\/li>\n<\/ul>\n\n\n\n<div style=\"height:28px\" aria-hidden=\"true\" class=\"wp-block-spacer\"><\/div>\n\n\n\n<div class=\"alignnormal\"><div id=\"metaslider-id-842\" style=\"width: 100%;\" class=\"ml-slider-3-100-1 metaslider metaslider-flex metaslider-842 ml-slider ms-theme-outline nav-hidden\" role=\"region\" aria-label=\"New Slideshow\" data-height=\"600\" data-width=\"400\">\n    <div id=\"metaslider_container_842\">\n        <div id=\"metaslider_842\">\n            <ul aria-live='off' class='slides'>\n                <li style=\"display: block; width: 100%;\" class=\"slide-850 ms-image \" aria-roledescription=\"slide\" data-date=\"2025-07-26 10:51:37\"><img loading=\"lazy\" decoding=\"async\" src=\"https:\/\/crbferramentas.com.br\/wp-content\/uploads\/2025\/08\/19-400x600.png\" height=\"600\" width=\"400\" alt=\"\" class=\"slider-842 slide-850 msDefaultImage\" title=\"19\" \/><div class=\"caption-wrap\"><div class=\"caption\"><div> <div class=\"row mb-2 can-inherit title inherit-from-image\"> <div class=\"default\">Fresa Disco para Usinagem de Virabrequins<\/div> <\/div> <div class=\"row can-inherit alt inherit-from-image\">\u00a0<\/div> <\/div><\/div><\/div><\/li>\n                <li style=\"display: none; width: 100%;\" class=\"slide-843 ms-image \" aria-roledescription=\"slide\" data-date=\"2025-07-26 10:51:36\"><img loading=\"lazy\" decoding=\"async\" src=\"https:\/\/crbferramentas.com.br\/wp-content\/uploads\/2025\/08\/6-400x600.png\" height=\"600\" width=\"400\" alt=\"\" class=\"slider-842 slide-843 msDefaultImage\" title=\"Fresa Disco em Geral\" \/><div class=\"caption-wrap\"><div class=\"caption\"><div>Fresa Disco em Geral<\/div><\/div><\/div><\/li>\n                <li style=\"display: none; width: 100%;\" class=\"slide-844 ms-image \" aria-roledescription=\"slide\" data-date=\"2025-07-26 10:51:37\"><img loading=\"lazy\" decoding=\"async\" src=\"https:\/\/crbferramentas.com.br\/wp-content\/uploads\/2025\/08\/10-400x600.png\" height=\"600\" width=\"400\" alt=\"\" class=\"slider-842 slide-844 msDefaultImage\" title=\"10\" \/><div class=\"caption-wrap\"><div class=\"caption\"><div> <div class=\"row mb-2 can-inherit title inherit-from-image\"> <div class=\"default\">Ferramenta Especial<\/div> <\/div> <div class=\"row can-inherit alt inherit-from-image\">\u00a0<\/div> <\/div><\/div><\/div><\/li>\n                <li style=\"display: none; width: 100%;\" class=\"slide-845 ms-image \" aria-roledescription=\"slide\" data-date=\"2025-07-26 10:51:37\"><img loading=\"lazy\" decoding=\"async\" src=\"https:\/\/crbferramentas.com.br\/wp-content\/uploads\/2025\/08\/11-400x600.png\" height=\"600\" width=\"400\" alt=\"\" class=\"slider-842 slide-845 msDefaultImage\" title=\"11\" \/><div class=\"caption-wrap\"><div class=\"caption\"><div> <div class=\"row mb-2 can-inherit title inherit-from-image\"> <div class=\"default\">Fresa M\u00f3dulo<\/div> <\/div> <div class=\"row can-inherit alt inherit-from-image\">\u00a0<\/div> <\/div><\/div><\/div><\/li>\n                <li style=\"display: none; width: 100%;\" class=\"slide-846 ms-image \" aria-roledescription=\"slide\" data-date=\"2025-07-26 10:51:37\"><img loading=\"lazy\" decoding=\"async\" src=\"https:\/\/crbferramentas.com.br\/wp-content\/uploads\/2025\/08\/12-400x600.png\" height=\"600\" width=\"400\" alt=\"\" class=\"slider-842 slide-846 msDefaultImage\" title=\"12\" \/><div class=\"caption-wrap\"><div class=\"caption\"><div> <div class=\"row mb-2 can-inherit title inherit-from-image\"> <div class=\"default\">Fresa Abacaxi<\/div> <\/div> <div class=\"row can-inherit alt inherit-from-image\">\u00a0<\/div> <\/div><\/div><\/div><\/li>\n                <li style=\"display: none; width: 100%;\" class=\"slide-847 ms-image \" aria-roledescription=\"slide\" data-date=\"2025-07-26 10:51:37\"><img loading=\"lazy\" decoding=\"async\" src=\"https:\/\/crbferramentas.com.br\/wp-content\/uploads\/2025\/08\/15-400x600.png\" height=\"600\" width=\"400\" alt=\"\" class=\"slider-842 slide-847 msDefaultImage\" title=\"15\" \/><div class=\"caption-wrap\"><div class=\"caption\"><div> <div class=\"row mb-2 can-inherit title inherit-from-image\"> <div class=\"default\">Fresa Topo<\/div> <\/div> <div class=\"row can-inherit alt inherit-from-image\">\u00a0<\/div> <\/div><\/div><\/div><\/li>\n                <li style=\"display: none; width: 100%;\" class=\"slide-848 ms-image \" aria-roledescription=\"slide\" data-date=\"2025-07-26 10:51:37\"><img loading=\"lazy\" decoding=\"async\" src=\"https:\/\/crbferramentas.com.br\/wp-content\/uploads\/2025\/08\/6-400x600.png\" height=\"600\" width=\"400\" alt=\"\" class=\"slider-842 slide-848 msDefaultImage\" title=\"6\" \/><div class=\"caption-wrap\"><div class=\"caption\"><div> <div class=\"row mb-2 can-inherit title inherit-from-image\"> <div class=\"default\">Fresa Disco em Geral<\/div> <\/div> <div class=\"row can-inherit alt inherit-from-image\">\u00a0<\/div> <\/div><\/div><\/div><\/li>\n                <li style=\"display: none; width: 100%;\" class=\"slide-851 ms-image \" aria-roledescription=\"slide\" data-date=\"2025-07-26 10:51:37\"><img loading=\"lazy\" decoding=\"async\" src=\"https:\/\/crbferramentas.com.br\/wp-content\/uploads\/2025\/08\/Black-Modern-Beer-Birthday-Invitation-3-400x600.png\" height=\"600\" width=\"400\" alt=\"\" class=\"slider-842 slide-851 msDefaultImage\" title=\"Black Modern Beer Birthday Invitation (3)\" \/><div class=\"caption-wrap\"><div class=\"caption\"><div> <div class=\"row mb-2 can-inherit title inherit-from-image\"> <div class=\"default\">Barra Antivibrat\u00f3ria de Metal Duro - \u00d812<\/div> <\/div> <div class=\"row can-inherit alt inherit-from-image\">\u00a0<\/div> <\/div><\/div><\/div><\/li>\n                <li style=\"display: none; width: 100%;\" class=\"slide-852 ms-image \" aria-roledescription=\"slide\" data-date=\"2025-07-26 10:51:37\"><img loading=\"lazy\" decoding=\"async\" src=\"https:\/\/crbferramentas.com.br\/wp-content\/uploads\/2025\/08\/3-400x600.png\" height=\"600\" width=\"400\" alt=\"\" class=\"slider-842 slide-852 msDefaultImage\" title=\"3\" \/><div class=\"caption-wrap\"><div class=\"caption\"><div> <div class=\"row mb-2 can-inherit title inherit-from-image\"> <div class=\"default\">Cabe\u00e7ote de Fresamento<\/div> <\/div> <div class=\"row can-inherit alt inherit-from-image\">\u00a0<\/div> <\/div><\/div><\/div><\/li>\n                <li style=\"display: none; width: 100%;\" class=\"slide-853 ms-image \" aria-roledescription=\"slide\" data-date=\"2025-07-26 10:51:37\"><img loading=\"lazy\" decoding=\"async\" src=\"https:\/\/crbferramentas.com.br\/wp-content\/uploads\/2025\/08\/16-400x600.png\" height=\"600\" width=\"400\" alt=\"\" class=\"slider-842 slide-853 msDefaultImage\" title=\"16\" \/><div class=\"caption-wrap\"><div class=\"caption\"><div> <div class=\"row mb-2 can-inherit title inherit-from-image\"> <div class=\"default\">Broca Trilho<\/div> <\/div> <div class=\"row can-inherit alt inherit-from-image\">\u00a0<\/div> <\/div><\/div><\/div><\/li>\n                <li style=\"display: none; width: 100%;\" class=\"slide-854 ms-image \" aria-roledescription=\"slide\" data-date=\"2025-07-26 10:51:37\"><img loading=\"lazy\" decoding=\"async\" src=\"https:\/\/crbferramentas.com.br\/wp-content\/uploads\/2025\/08\/13-400x600.png\" height=\"600\" width=\"400\" alt=\"\" class=\"slider-842 slide-854 msDefaultImage\" title=\"13\" \/><div class=\"caption-wrap\"><div class=\"caption\"><div> <div class=\"row mb-2 can-inherit title inherit-from-image\"> <div class=\"default\">Broca Tmax<\/div> <\/div> <div class=\"row can-inherit alt inherit-from-image\">\u00a0<\/div> <\/div><\/div><\/div><\/li>\n                <li style=\"display: none; width: 100%;\" class=\"slide-855 ms-image \" aria-roledescription=\"slide\" data-date=\"2025-07-26 10:51:37\"><img loading=\"lazy\" decoding=\"async\" src=\"https:\/\/crbferramentas.com.br\/wp-content\/uploads\/2025\/08\/9-400x600.png\" height=\"600\" width=\"400\" alt=\"\" class=\"slider-842 slide-855 msDefaultImage\" title=\"9\" \/><div class=\"caption-wrap\"><div class=\"caption\"><div>Suporte de Torneamento<\/div><\/div><\/div><\/li>\n                <li style=\"display: none; width: 100%;\" class=\"slide-856 ms-image \" aria-roledescription=\"slide\" data-date=\"2025-07-26 10:51:37\"><img loading=\"lazy\" decoding=\"async\" src=\"https:\/\/crbferramentas.com.br\/wp-content\/uploads\/2025\/08\/4-400x600.png\" height=\"600\" width=\"400\" alt=\"\" class=\"slider-842 slide-856 msDefaultImage\" title=\"4\" \/><div class=\"caption-wrap\"><div class=\"caption\"><div> <div class=\"row mb-2 can-inherit title inherit-from-image\"> <div class=\"default\">Suporte de Torneamento<\/div> <\/div> <div class=\"row can-inherit alt inherit-from-image\">\u00a0<\/div> <\/div><\/div><\/div><\/li>\n                <li style=\"display: none; width: 100%;\" class=\"slide-857 ms-image \" aria-roledescription=\"slide\" data-date=\"2025-07-26 10:51:37\"><img loading=\"lazy\" decoding=\"async\" src=\"https:\/\/crbferramentas.com.br\/wp-content\/uploads\/2025\/08\/Black-Modern-Beer-Birthday-Invitation-4-400x600.png\" height=\"600\" width=\"400\" alt=\"\" class=\"slider-842 slide-857 msDefaultImage\" title=\"Black Modern Beer Birthday Invitation (4)\" \/><div class=\"caption-wrap\"><div class=\"caption\"><div> <div class=\"row mb-2 can-inherit title inherit-from-image\"> <div class=\"default\">Suporte Bedame<\/div> <\/div> <div class=\"row can-inherit alt inherit-from-image\">\u00a0<\/div> <\/div><\/div><\/div><\/li>\n                <li style=\"display: none; width: 100%;\" class=\"slide-860 ms-image \" aria-roledescription=\"slide\" data-date=\"2025-07-26 11:16:15\"><img loading=\"lazy\" decoding=\"async\" src=\"https:\/\/crbferramentas.com.br\/wp-content\/uploads\/2025\/08\/Black-Modern-Beer-Birthday-Invitation-1-400x600.png\" height=\"600\" width=\"400\" alt=\"\" class=\"slider-842 slide-860 msDefaultImage\" title=\"Black Modern Beer Birthday Invitation (1)\" \/><div class=\"caption-wrap\"><div class=\"caption\"><div>C\u00e1psulas Especiais<\/div><\/div><\/div><\/li>\n                <li style=\"display: none; width: 100%;\" class=\"slide-861 ms-image \" aria-roledescription=\"slide\" data-date=\"2025-07-26 11:16:43\"><img loading=\"lazy\" decoding=\"async\" src=\"https:\/\/crbferramentas.com.br\/wp-content\/uploads\/2025\/08\/8-400x600.png\" height=\"600\" width=\"400\" alt=\"\" class=\"slider-842 slide-861 msDefaultImage\" title=\"8\" \/><div class=\"caption-wrap\"><div class=\"caption\"><div>Capsula para Aparelhos Microm\u00e9tricos<\/div><\/div><\/div><\/li>\n                <li style=\"display: none; width: 100%;\" class=\"slide-862 ms-image \" aria-roledescription=\"slide\" data-date=\"2025-07-26 11:17:32\"><img loading=\"lazy\" decoding=\"async\" src=\"https:\/\/crbferramentas.com.br\/wp-content\/uploads\/2025\/08\/5-400x600.png\" height=\"600\" width=\"400\" alt=\"\" class=\"slider-842 slide-862 msDefaultImage\" title=\"5\" \/><div class=\"caption-wrap\"><div class=\"caption\"><div>Ferramenta Especial<\/div> <div class=\"row can-inherit alt inherit-from-image\">\u00a0<\/div><\/div><\/div><\/li>\n                <li style=\"display: none; width: 100%;\" class=\"slide-1017 ms-image \" aria-roledescription=\"slide\" data-date=\"2025-08-06 19:28:21\"><img loading=\"lazy\" decoding=\"async\" src=\"https:\/\/crbferramentas.com.br\/wp-content\/uploads\/2025\/08\/Black-Modern-Beer-Birthday-Invitation-2-400x600.png\" height=\"600\" width=\"400\" alt=\"\" class=\"slider-842 slide-1017 msDefaultImage\" title=\"Black Modern Beer Birthday Invitation (2)\" \/><div class=\"caption-wrap\"><div class=\"caption\"><div>C\u00e1psulas especiais<\/div><\/div><\/div><\/li>\n            <\/ul>\n        <\/div>\n        \n    <\/div>\n<\/div><\/div>\n\n\n\n<div class=\"wp-block-buttons alignfull is-content-justification-center is-layout-flex wp-container-core-buttons-is-layout-a89b3969 wp-block-buttons-is-layout-flex\">\n<div class=\"wp-block-button\"><a class=\"wp-block-button__link wp-element-button\" href=\"https:\/\/api.whatsapp.com\/send\/?phone=5519999316420&amp;text&amp;type=phone_number&amp;app_absent=0\" target=\"_blank\" rel=\"noreferrer noopener\">&nbsp; Solicite um Or\u00e7amento R\u00e1pido<\/a><\/div>\n<\/div>\n\n\n\n<p><\/p>\n","protected":false},"excerpt":{"rendered":"<p>Especialistas em solu\u00e7\u00f5es t\u00e9cnicas para usinagem. Fabricamos, reformamos e otimizamos ferramentas com efici\u00eancia, economia e suporte especializado. Fabrica\u00e7\u00e3o de Ferramentas Intercambi\u00e1veis e Especiais Fabricamos ferramentas intercambi\u00e1veis e especiais para processos de usinagem, de acordo com as especifica\u00e7\u00f5es t\u00e9cnicas e necessidades exclusivas de cada cliente. Com foco em desempenho, durabilidade e precis\u00e3o, garantindo a melhor solu\u00e7\u00e3o [&hellip;]<\/p>\n","protected":false},"author":2,"featured_media":0,"parent":0,"menu_order":0,"comment_status":"closed","ping_status":"closed","template":"","meta":{"footnotes":""},"class_list":["post-169","page","type-page","status-publish","hentry"],"_links":{"self":[{"href":"https:\/\/crbferramentas.com.br\/index.php?rest_route=\/wp\/v2\/pages\/169","targetHints":{"allow":["GET"]}}],"collection":[{"href":"https:\/\/crbferramentas.com.br\/index.php?rest_route=\/wp\/v2\/pages"}],"about":[{"href":"https:\/\/crbferramentas.com.br\/index.php?rest_route=\/wp\/v2\/types\/page"}],"author":[{"embeddable":true,"href":"https:\/\/crbferramentas.com.br\/index.php?rest_route=\/wp\/v2\/users\/2"}],"replies":[{"embeddable":true,"href":"https:\/\/crbferramentas.com.br\/index.php?rest_route=%2Fwp%2Fv2%2Fcomments&post=169"}],"version-history":[{"count":23,"href":"https:\/\/crbferramentas.com.br\/index.php?rest_route=\/wp\/v2\/pages\/169\/revisions"}],"predecessor-version":[{"id":1028,"href":"https:\/\/crbferramentas.com.br\/index.php?rest_route=\/wp\/v2\/pages\/169\/revisions\/1028"}],"wp:attachment":[{"href":"https:\/\/crbferramentas.com.br\/index.php?rest_route=%2Fwp%2Fv2%2Fmedia&parent=169"}],"curies":[{"name":"wp","href":"https:\/\/api.w.org\/{rel}","templated":true}]}}