{"id":243,"date":"2019-12-23T15:28:30","date_gmt":"2019-12-23T18:28:30","guid":{"rendered":"https:\/\/crbferramentas.com.br\/?page_id=243"},"modified":"2025-07-31T19:51:01","modified_gmt":"2025-07-31T22:51:01","slug":"inicio","status":"publish","type":"page","link":"https:\/\/crbferramentas.com.br\/?page_id=243","title":{"rendered":"Sobre n\u00f3s"},"content":{"rendered":"\n<div class=\"wp-block-media-text alignwide is-stacked-on-mobile\" style=\"grid-template-columns:40% auto\"><figure class=\"wp-block-media-text__media\"><img loading=\"lazy\" decoding=\"async\" width=\"1024\" height=\"1024\" src=\"https:\/\/crbferramentas.com.br\/wp-content\/uploads\/2025\/07\/WhatsApp-Image-2025-07-31-at-16.58.35-3-1024x1024.jpeg\" alt=\"\" class=\"wp-image-973 size-full\" srcset=\"https:\/\/crbferramentas.com.br\/wp-content\/uploads\/2025\/07\/WhatsApp-Image-2025-07-31-at-16.58.35-3-1024x1024.jpeg 1024w, https:\/\/crbferramentas.com.br\/wp-content\/uploads\/2025\/07\/WhatsApp-Image-2025-07-31-at-16.58.35-3-300x300.jpeg 300w, https:\/\/crbferramentas.com.br\/wp-content\/uploads\/2025\/07\/WhatsApp-Image-2025-07-31-at-16.58.35-3-150x150.jpeg 150w, https:\/\/crbferramentas.com.br\/wp-content\/uploads\/2025\/07\/WhatsApp-Image-2025-07-31-at-16.58.35-3-768x768.jpeg 768w, https:\/\/crbferramentas.com.br\/wp-content\/uploads\/2025\/07\/WhatsApp-Image-2025-07-31-at-16.58.35-3.jpeg 1496w\" sizes=\"auto, (max-width: 1024px) 100vw, 1024px\" \/><\/figure><div class=\"wp-block-media-text__content\">\n<p>Com mais de 25 anos de experi\u00eancia no mercado de usinagem, somos especialistas na fabrica\u00e7\u00e3o e reforma de ferramentas intercambi\u00e1veis e especiais para processos industriais.<\/p>\n\n\n\n<p>Atendemos os setores industrial, agr\u00edcola, ferrovi\u00e1rio e automobil\u00edstico, oferecendo solu\u00e7\u00f5es sob medida para cada necessidade.<\/p>\n\n\n\n<p>Nosso servi\u00e7o de reforma t\u00e9cnica recupera as ferramentas em formato, dimens\u00e3o e acabamento, garantindo qualidade, desempenho e rendimento equivalentes ao de uma ferramenta nova.<\/p>\n\n\n\n<p>Tamb\u00e9m disponibilizamos suporte t\u00e9cnico especializado para setup em usinagem, ajudando nossos clientes a obter melhor desempenho e produtividade em seus processos.<\/p>\n<\/div><\/div>\n\n\n\n<div class=\"wp-block-columns is-layout-flex wp-container-core-columns-is-layout-28f84493 wp-block-columns-is-layout-flex\">\n<div class=\"wp-block-column is-vertically-aligned-stretch is-layout-flow wp-block-column-is-layout-flow\" style=\"flex-basis:100%\"><\/div>\n<\/div>\n\n\n\n<div class=\"wp-block-group alignfull has-ti-fg-alt-color has-ti-bg-inv-background-color has-text-color has-background has-global-padding is-layout-constrained wp-container-core-group-is-layout-23bc7de4 wp-block-group-is-layout-constrained\" style=\"margin-top:0px;margin-bottom:0px;padding-top:64px;padding-right:24px;padding-bottom:64px;padding-left:24px\">\n<div class=\"wp-block-columns alignwide is-layout-flex wp-container-core-columns-is-layout-6127943d wp-block-columns-is-layout-flex\">\n<div class=\"wp-block-column is-layout-flow wp-block-column-is-layout-flow\" style=\"flex-basis:100%\">\n<h4 class=\"wp-block-heading\">Miss\u00e3o<\/h4>\n\n\n\n<p class=\"has-small-font-size\">Oferecer solu\u00e7\u00f5es em fabrica\u00e7\u00e3o de ferramentas intercambi\u00e1veis e especiais para processos de usinagem, realizando reformas com qualidade equivalente \u00e0 de uma ferramenta nova. Garantir economia, confiabilidade e prazo de entrega \u00e1gil para nossos clientes.<\/p>\n\n\n\n<p class=\"has-small-font-size\"><\/p>\n<\/div>\n\n\n\n<div class=\"wp-block-column is-layout-flow wp-block-column-is-layout-flow\" style=\"flex-basis:100%\">\n<h4 class=\"wp-block-heading\">Vis\u00e3o<\/h4>\n\n\n\n<p class=\"has-small-font-size\">Ser reconhecida como uma das principais refer\u00eancias em fabrica\u00e7\u00e3o e reforma de ferramentas intercambi\u00e1veis e especiais, destacando-se pela excel\u00eancia t\u00e9cnica, inova\u00e7\u00e3o e pelo compromisso com os resultados de nossos clientes.<\/p>\n<\/div>\n\n\n\n<div class=\"wp-block-column is-layout-flow wp-block-column-is-layout-flow\" style=\"flex-basis:100%\">\n<h4 class=\"wp-block-heading\">Valores<\/h4>\n\n\n\n<p class=\"has-small-font-size\">\u2714\ufe0f Compromisso com a qualidade<br>\u2714\ufe0f Agilidade e pontualidade na entrega<br>\u2714\ufe0f Foco no cliente e suas necessidades<br>\u2714\ufe0f Excel\u00eancia t\u00e9cnica em cada processo<br>\u2714\ufe0f Parcerias confi\u00e1veis e duradouras<br>\u2714\ufe0f Respeito e transpar\u00eancia<\/p>\n\n\n\n<p class=\"has-small-font-size\"><\/p>\n<\/div>\n<\/div>\n<\/div>\n\n\n\n<div class=\"wp-block-group alignfull has-ti-fg-background-color has-text-color has-background is-layout-flow wp-block-group-is-layout-flow\" style=\"color:#000000\">\n<div style=\"height:64px\" aria-hidden=\"true\" class=\"wp-block-spacer\"><\/div>\n\n\n\n<h6 class=\"wp-block-heading has-text-align-center\" id=\"schedule-a-visit\" style=\"border-style:none;border-width:0px;margin-right:0;margin-left:0;padding-right:0;padding-left:0;font-size:19px;line-height:1.15\"><strong>Buscamos sempre oferecer atendimento \u00e1gil e personalizado, com suporte eficiente e servi\u00e7os de alto padr\u00e3o, consolidando parcerias confi\u00e1veis e duradouras.<\/strong><\/h6>\n\n\n\n<div class=\"wp-block-buttons is-horizontal is-content-justification-center is-layout-flex wp-container-core-buttons-is-layout-03627597 wp-block-buttons-is-layout-flex\">\n<div class=\"wp-block-button has-custom-width wp-block-button__width-75\"><a class=\"wp-block-button__link has-vivid-red-background-color has-text-color has-background wp-element-button\" href=\"https:\/\/api.whatsapp.com\/send\/?phone=5519999316420&amp;text&amp;type=phone_number&amp;app_absent=0\" style=\"border-radius:0px;color:#ffffff\" target=\"_blank\" rel=\"noreferrer noopener\">Fale conosco<\/a><\/div>\n<\/div>\n\n\n\n<div style=\"height:64px\" aria-hidden=\"true\" class=\"wp-block-spacer\"><\/div>\n<\/div>\n\n\n\n<p><\/p>\n","protected":false},"excerpt":{"rendered":"<p>Com mais de 25 anos de experi\u00eancia no mercado de usinagem, somos especialistas na fabrica\u00e7\u00e3o e reforma de ferramentas intercambi\u00e1veis e especiais para processos industriais. Atendemos os setores industrial, agr\u00edcola, ferrovi\u00e1rio e automobil\u00edstico, oferecendo solu\u00e7\u00f5es sob medida para cada necessidade. Nosso servi\u00e7o de reforma t\u00e9cnica recupera as ferramentas em formato, dimens\u00e3o e acabamento, garantindo qualidade, [&hellip;]<\/p>\n","protected":false},"author":2,"featured_media":0,"parent":0,"menu_order":0,"comment_status":"closed","ping_status":"closed","template":"","meta":{"footnotes":""},"class_list":["post-243","page","type-page","status-publish","hentry"],"_links":{"self":[{"href":"https:\/\/crbferramentas.com.br\/index.php?rest_route=\/wp\/v2\/pages\/243","targetHints":{"allow":["GET"]}}],"collection":[{"href":"https:\/\/crbferramentas.com.br\/index.php?rest_route=\/wp\/v2\/pages"}],"about":[{"href":"https:\/\/crbferramentas.com.br\/index.php?rest_route=\/wp\/v2\/types\/page"}],"author":[{"embeddable":true,"href":"https:\/\/crbferramentas.com.br\/index.php?rest_route=\/wp\/v2\/users\/2"}],"replies":[{"embeddable":true,"href":"https:\/\/crbferramentas.com.br\/index.php?rest_route=%2Fwp%2Fv2%2Fcomments&post=243"}],"version-history":[{"count":27,"href":"https:\/\/crbferramentas.com.br\/index.php?rest_route=\/wp\/v2\/pages\/243\/revisions"}],"predecessor-version":[{"id":975,"href":"https:\/\/crbferramentas.com.br\/index.php?rest_route=\/wp\/v2\/pages\/243\/revisions\/975"}],"wp:attachment":[{"href":"https:\/\/crbferramentas.com.br\/index.php?rest_route=%2Fwp%2Fv2%2Fmedia&parent=243"}],"curies":[{"name":"wp","href":"https:\/\/api.w.org\/{rel}","templated":true}]}}