{"id":334,"date":"2019-12-27T13:22:14","date_gmt":"2019-12-27T16:22:14","guid":{"rendered":"https:\/\/crbferramentas.com.br\/?page_id=334"},"modified":"2025-07-29T22:08:44","modified_gmt":"2025-07-30T01:08:44","slug":"ferramentas-especiais","status":"publish","type":"page","link":"https:\/\/crbferramentas.com.br\/?page_id=334","title":{"rendered":"Ferramentas Especiais"},"content":{"rendered":"\n<p>Ferramentas especiais s\u00e3o aquelas projetadas sob medida ou com caracter\u00edsticas espec\u00edficas para realizar opera\u00e7\u00f5es que ferramentas comuns n\u00e3o conseguem fazer com efici\u00eancia.<\/p>\n\n\n\n<figure class=\"wp-block-image size-full\"><img loading=\"lazy\" decoding=\"async\" width=\"676\" height=\"668\" src=\"https:\/\/crbferramentas.com.br\/wp-content\/uploads\/2025\/07\/WhatsApp-Image-2025-07-29-at-22.04.41.jpeg\" alt=\"\" class=\"wp-image-943\" srcset=\"https:\/\/crbferramentas.com.br\/wp-content\/uploads\/2025\/07\/WhatsApp-Image-2025-07-29-at-22.04.41.jpeg 676w, https:\/\/crbferramentas.com.br\/wp-content\/uploads\/2025\/07\/WhatsApp-Image-2025-07-29-at-22.04.41-300x296.jpeg 300w\" sizes=\"auto, (max-width: 676px) 100vw, 676px\" \/><\/figure>\n\n\n\n<figure class=\"wp-block-image size-large is-resized\"><img loading=\"lazy\" decoding=\"async\" width=\"1024\" height=\"1024\" src=\"https:\/\/crbferramentas.com.br\/wp-content\/uploads\/2025\/07\/WhatsApp-Image-2025-07-29-at-22.04.42-1024x1024.jpeg\" alt=\"\" class=\"wp-image-944\" style=\"width:678px;height:auto\" srcset=\"https:\/\/crbferramentas.com.br\/wp-content\/uploads\/2025\/07\/WhatsApp-Image-2025-07-29-at-22.04.42-1024x1024.jpeg 1024w, https:\/\/crbferramentas.com.br\/wp-content\/uploads\/2025\/07\/WhatsApp-Image-2025-07-29-at-22.04.42-300x300.jpeg 300w, https:\/\/crbferramentas.com.br\/wp-content\/uploads\/2025\/07\/WhatsApp-Image-2025-07-29-at-22.04.42-150x150.jpeg 150w, https:\/\/crbferramentas.com.br\/wp-content\/uploads\/2025\/07\/WhatsApp-Image-2025-07-29-at-22.04.42-768x768.jpeg 768w, https:\/\/crbferramentas.com.br\/wp-content\/uploads\/2025\/07\/WhatsApp-Image-2025-07-29-at-22.04.42.jpeg 1496w\" sizes=\"auto, (max-width: 1024px) 100vw, 1024px\" \/><\/figure>\n\n\n\n<figure class=\"wp-block-image size-full is-resized\"><img loading=\"lazy\" decoding=\"async\" width=\"700\" height=\"768\" src=\"https:\/\/crbferramentas.com.br\/wp-content\/uploads\/2025\/07\/WhatsApp-Image-2025-07-29-at-22.04.42-1.jpeg\" alt=\"\" class=\"wp-image-946\" style=\"width:679px;height:auto\" srcset=\"https:\/\/crbferramentas.com.br\/wp-content\/uploads\/2025\/07\/WhatsApp-Image-2025-07-29-at-22.04.42-1.jpeg 700w, https:\/\/crbferramentas.com.br\/wp-content\/uploads\/2025\/07\/WhatsApp-Image-2025-07-29-at-22.04.42-1-273x300.jpeg 273w\" sizes=\"auto, (max-width: 700px) 100vw, 700px\" \/><\/figure>\n\n\n\n<figure class=\"wp-block-image size-large is-resized\"><img loading=\"lazy\" decoding=\"async\" width=\"768\" height=\"1024\" src=\"https:\/\/crbferramentas.com.br\/wp-content\/uploads\/2025\/07\/WhatsApp-Image-2025-07-29-at-22.04.42-2-768x1024.jpeg\" alt=\"\" class=\"wp-image-947\" style=\"width:682px;height:auto\" srcset=\"https:\/\/crbferramentas.com.br\/wp-content\/uploads\/2025\/07\/WhatsApp-Image-2025-07-29-at-22.04.42-2-768x1024.jpeg 768w, https:\/\/crbferramentas.com.br\/wp-content\/uploads\/2025\/07\/WhatsApp-Image-2025-07-29-at-22.04.42-2-225x300.jpeg 225w, https:\/\/crbferramentas.com.br\/wp-content\/uploads\/2025\/07\/WhatsApp-Image-2025-07-29-at-22.04.42-2-1152x1536.jpeg 1152w, https:\/\/crbferramentas.com.br\/wp-content\/uploads\/2025\/07\/WhatsApp-Image-2025-07-29-at-22.04.42-2.jpeg 1200w\" sizes=\"auto, (max-width: 768px) 100vw, 768px\" \/><\/figure>\n","protected":false},"excerpt":{"rendered":"<p>Ferramentas especiais s\u00e3o aquelas projetadas sob medida ou com caracter\u00edsticas espec\u00edficas para realizar opera\u00e7\u00f5es que ferramentas comuns n\u00e3o conseguem fazer com efici\u00eancia.<\/p>\n","protected":false},"author":2,"featured_media":0,"parent":0,"menu_order":0,"comment_status":"closed","ping_status":"closed","template":"","meta":{"footnotes":""},"class_list":["post-334","page","type-page","status-publish","hentry"],"_links":{"self":[{"href":"https:\/\/crbferramentas.com.br\/index.php?rest_route=\/wp\/v2\/pages\/334","targetHints":{"allow":["GET"]}}],"collection":[{"href":"https:\/\/crbferramentas.com.br\/index.php?rest_route=\/wp\/v2\/pages"}],"about":[{"href":"https:\/\/crbferramentas.com.br\/index.php?rest_route=\/wp\/v2\/types\/page"}],"author":[{"embeddable":true,"href":"https:\/\/crbferramentas.com.br\/index.php?rest_route=\/wp\/v2\/users\/2"}],"replies":[{"embeddable":true,"href":"https:\/\/crbferramentas.com.br\/index.php?rest_route=%2Fwp%2Fv2%2Fcomments&post=334"}],"version-history":[{"count":9,"href":"https:\/\/crbferramentas.com.br\/index.php?rest_route=\/wp\/v2\/pages\/334\/revisions"}],"predecessor-version":[{"id":948,"href":"https:\/\/crbferramentas.com.br\/index.php?rest_route=\/wp\/v2\/pages\/334\/revisions\/948"}],"wp:attachment":[{"href":"https:\/\/crbferramentas.com.br\/index.php?rest_route=%2Fwp%2Fv2%2Fmedia&parent=334"}],"curies":[{"name":"wp","href":"https:\/\/api.w.org\/{rel}","templated":true}]}}