{"id":426,"date":"2020-01-14T12:01:05","date_gmt":"2020-01-14T15:01:05","guid":{"rendered":"https:\/\/crbferramentas.com.br\/?page_id=426"},"modified":"2025-07-29T22:06:51","modified_gmt":"2025-07-30T01:06:51","slug":"fresas-2","status":"publish","type":"page","link":"https:\/\/crbferramentas.com.br\/?page_id=426","title":{"rendered":"Fresa M\u00f3dulo"},"content":{"rendered":"\n<p>A fresa m\u00f3dulo \u00e9 uma ferramenta de usinagem usada principalmente para fabricar ou corrigir engrenagens, especialmente engrenagens cil\u00edndricas.<\/p>\n\n\n\n<figure class=\"wp-block-image size-large\"><img loading=\"lazy\" decoding=\"async\" width=\"993\" height=\"1024\" src=\"https:\/\/crbferramentas.com.br\/wp-content\/uploads\/2025\/07\/WhatsApp-Image-2025-07-29-at-21.57.20-993x1024.jpeg\" alt=\"\" class=\"wp-image-941\" srcset=\"https:\/\/crbferramentas.com.br\/wp-content\/uploads\/2025\/07\/WhatsApp-Image-2025-07-29-at-21.57.20-993x1024.jpeg 993w, https:\/\/crbferramentas.com.br\/wp-content\/uploads\/2025\/07\/WhatsApp-Image-2025-07-29-at-21.57.20-291x300.jpeg 291w, https:\/\/crbferramentas.com.br\/wp-content\/uploads\/2025\/07\/WhatsApp-Image-2025-07-29-at-21.57.20-768x792.jpeg 768w, https:\/\/crbferramentas.com.br\/wp-content\/uploads\/2025\/07\/WhatsApp-Image-2025-07-29-at-21.57.20.jpeg 1200w\" sizes=\"auto, (max-width: 993px) 100vw, 993px\" \/><\/figure>\n\n\n\n<p>Aten\u00e7\u00e3o: Fazemos somente a reforma<\/p>\n","protected":false},"excerpt":{"rendered":"<p>A fresa m\u00f3dulo \u00e9 uma ferramenta de usinagem usada principalmente para fabricar ou corrigir engrenagens, especialmente engrenagens cil\u00edndricas. Aten\u00e7\u00e3o: Fazemos somente a reforma<\/p>\n","protected":false},"author":2,"featured_media":0,"parent":0,"menu_order":0,"comment_status":"closed","ping_status":"closed","template":"","meta":{"footnotes":""},"class_list":["post-426","page","type-page","status-publish","hentry"],"_links":{"self":[{"href":"https:\/\/crbferramentas.com.br\/index.php?rest_route=\/wp\/v2\/pages\/426","targetHints":{"allow":["GET"]}}],"collection":[{"href":"https:\/\/crbferramentas.com.br\/index.php?rest_route=\/wp\/v2\/pages"}],"about":[{"href":"https:\/\/crbferramentas.com.br\/index.php?rest_route=\/wp\/v2\/types\/page"}],"author":[{"embeddable":true,"href":"https:\/\/crbferramentas.com.br\/index.php?rest_route=\/wp\/v2\/users\/2"}],"replies":[{"embeddable":true,"href":"https:\/\/crbferramentas.com.br\/index.php?rest_route=%2Fwp%2Fv2%2Fcomments&post=426"}],"version-history":[{"count":9,"href":"https:\/\/crbferramentas.com.br\/index.php?rest_route=\/wp\/v2\/pages\/426\/revisions"}],"predecessor-version":[{"id":942,"href":"https:\/\/crbferramentas.com.br\/index.php?rest_route=\/wp\/v2\/pages\/426\/revisions\/942"}],"wp:attachment":[{"href":"https:\/\/crbferramentas.com.br\/index.php?rest_route=%2Fwp%2Fv2%2Fmedia&parent=426"}],"curies":[{"name":"wp","href":"https:\/\/api.w.org\/{rel}","templated":true}]}}