{"id":58,"date":"2019-07-01T20:52:56","date_gmt":"2019-07-01T23:52:56","guid":{"rendered":"https:\/\/crbferramentas.com.br\/?page_id=58"},"modified":"2025-07-29T21:12:01","modified_gmt":"2025-07-30T00:12:01","slug":"brocas","status":"publish","type":"page","link":"https:\/\/crbferramentas.com.br\/?page_id=58","title":{"rendered":"Broca T-MAX"},"content":{"rendered":"\n<p>A broca Tmax \u00e9 uma ferramenta robusta de fura\u00e7\u00e3o com insertos, usada em usinagem pesada e produ\u00e7\u00e3o em s\u00e9rie, com foco em velocidade, precis\u00e3o e produtividade.<\/p>\n\n\n\n<figure class=\"wp-block-image size-full\"><img loading=\"lazy\" decoding=\"async\" width=\"1000\" height=\"1000\" src=\"https:\/\/crbferramentas.com.br\/wp-content\/uploads\/2025\/07\/WhatsApp-Image-2025-07-29-at-21.01.50.jpeg\" alt=\"\" class=\"wp-image-918\" srcset=\"https:\/\/crbferramentas.com.br\/wp-content\/uploads\/2025\/07\/WhatsApp-Image-2025-07-29-at-21.01.50.jpeg 1000w, https:\/\/crbferramentas.com.br\/wp-content\/uploads\/2025\/07\/WhatsApp-Image-2025-07-29-at-21.01.50-300x300.jpeg 300w, https:\/\/crbferramentas.com.br\/wp-content\/uploads\/2025\/07\/WhatsApp-Image-2025-07-29-at-21.01.50-150x150.jpeg 150w, https:\/\/crbferramentas.com.br\/wp-content\/uploads\/2025\/07\/WhatsApp-Image-2025-07-29-at-21.01.50-768x768.jpeg 768w\" sizes=\"auto, (max-width: 1000px) 100vw, 1000px\" \/><\/figure>\n\n\n\n<figure class=\"wp-block-image size-full is-resized\"><img loading=\"lazy\" decoding=\"async\" width=\"306\" height=\"508\" src=\"https:\/\/crbferramentas.com.br\/wp-content\/uploads\/2025\/07\/WhatsApp-Image-2025-07-29-at-21.01.09.jpeg\" alt=\"\" class=\"wp-image-919\" style=\"width:325px;height:auto\" srcset=\"https:\/\/crbferramentas.com.br\/wp-content\/uploads\/2025\/07\/WhatsApp-Image-2025-07-29-at-21.01.09.jpeg 306w, https:\/\/crbferramentas.com.br\/wp-content\/uploads\/2025\/07\/WhatsApp-Image-2025-07-29-at-21.01.09-181x300.jpeg 181w\" sizes=\"auto, (max-width: 306px) 100vw, 306px\" \/><\/figure>\n","protected":false},"excerpt":{"rendered":"<p>A broca Tmax \u00e9 uma ferramenta robusta de fura\u00e7\u00e3o com insertos, usada em usinagem pesada e produ\u00e7\u00e3o em s\u00e9rie, com foco em velocidade, precis\u00e3o e produtividade.<\/p>\n","protected":false},"author":2,"featured_media":0,"parent":0,"menu_order":0,"comment_status":"closed","ping_status":"closed","template":"","meta":{"footnotes":""},"class_list":["post-58","page","type-page","status-publish","hentry"],"_links":{"self":[{"href":"https:\/\/crbferramentas.com.br\/index.php?rest_route=\/wp\/v2\/pages\/58","targetHints":{"allow":["GET"]}}],"collection":[{"href":"https:\/\/crbferramentas.com.br\/index.php?rest_route=\/wp\/v2\/pages"}],"about":[{"href":"https:\/\/crbferramentas.com.br\/index.php?rest_route=\/wp\/v2\/types\/page"}],"author":[{"embeddable":true,"href":"https:\/\/crbferramentas.com.br\/index.php?rest_route=\/wp\/v2\/users\/2"}],"replies":[{"embeddable":true,"href":"https:\/\/crbferramentas.com.br\/index.php?rest_route=%2Fwp%2Fv2%2Fcomments&post=58"}],"version-history":[{"count":10,"href":"https:\/\/crbferramentas.com.br\/index.php?rest_route=\/wp\/v2\/pages\/58\/revisions"}],"predecessor-version":[{"id":920,"href":"https:\/\/crbferramentas.com.br\/index.php?rest_route=\/wp\/v2\/pages\/58\/revisions\/920"}],"wp:attachment":[{"href":"https:\/\/crbferramentas.com.br\/index.php?rest_route=%2Fwp%2Fv2%2Fmedia&parent=58"}],"curies":[{"name":"wp","href":"https:\/\/api.w.org\/{rel}","templated":true}]}}