{"id":881,"date":"2025-07-26T13:30:53","date_gmt":"2025-07-26T16:30:53","guid":{"rendered":"https:\/\/crbferramentas.com.br\/?page_id=881"},"modified":"2025-08-05T20:22:31","modified_gmt":"2025-08-05T23:22:31","slug":"barra-antivibratoria-de-metal-duro","status":"publish","type":"page","link":"https:\/\/crbferramentas.com.br\/?page_id=881","title":{"rendered":"Barra Antivibrat\u00f3ria de Metal Duro"},"content":{"rendered":"\n<p>Barra antivibrat\u00f3ria de metal duro \u00e9 usada no torneamento, principalmente em usinagem interna profunda, para:<\/p>\n\n\n\n<p>Reduzir vibra\u00e7\u00f5es;<\/p>\n\n\n\n<p>Melhorar o acabamento da pe\u00e7a;<\/p>\n\n\n\n<p>Aumentar a vida \u00fatil da ferramenta;<\/p>\n\n\n\n<p>Permitir cortes mais profundos e r\u00e1pidos.<\/p>\n\n\n\n<p>O metal duro oferece alta rigidez, ajudando a manter a estabilidade mesmo com hastes longas.<\/p>\n\n\n\n<figure class=\"wp-block-image size-large\"><img loading=\"lazy\" decoding=\"async\" width=\"1024\" height=\"667\" src=\"https:\/\/crbferramentas.com.br\/wp-content\/uploads\/2025\/07\/WhatsApp-Image-2025-07-29-at-20.46.27-1-1024x667.jpeg\" alt=\"\" class=\"wp-image-908\" srcset=\"https:\/\/crbferramentas.com.br\/wp-content\/uploads\/2025\/07\/WhatsApp-Image-2025-07-29-at-20.46.27-1-1024x667.jpeg 1024w, https:\/\/crbferramentas.com.br\/wp-content\/uploads\/2025\/07\/WhatsApp-Image-2025-07-29-at-20.46.27-1-300x195.jpeg 300w, https:\/\/crbferramentas.com.br\/wp-content\/uploads\/2025\/07\/WhatsApp-Image-2025-07-29-at-20.46.27-1-768x500.jpeg 768w, https:\/\/crbferramentas.com.br\/wp-content\/uploads\/2025\/07\/WhatsApp-Image-2025-07-29-at-20.46.27-1.jpeg 1324w\" sizes=\"auto, (max-width: 1024px) 100vw, 1024px\" \/><\/figure>\n","protected":false},"excerpt":{"rendered":"<p>Barra antivibrat\u00f3ria de metal duro \u00e9 usada no torneamento, principalmente em usinagem interna profunda, para: Reduzir vibra\u00e7\u00f5es; Melhorar o acabamento da pe\u00e7a; Aumentar a vida \u00fatil da ferramenta; Permitir cortes mais profundos e r\u00e1pidos. O metal duro oferece alta rigidez, ajudando a manter a estabilidade mesmo com hastes longas.<\/p>\n","protected":false},"author":2,"featured_media":0,"parent":0,"menu_order":0,"comment_status":"closed","ping_status":"closed","template":"","meta":{"footnotes":""},"class_list":["post-881","page","type-page","status-publish","hentry"],"_links":{"self":[{"href":"https:\/\/crbferramentas.com.br\/index.php?rest_route=\/wp\/v2\/pages\/881","targetHints":{"allow":["GET"]}}],"collection":[{"href":"https:\/\/crbferramentas.com.br\/index.php?rest_route=\/wp\/v2\/pages"}],"about":[{"href":"https:\/\/crbferramentas.com.br\/index.php?rest_route=\/wp\/v2\/types\/page"}],"author":[{"embeddable":true,"href":"https:\/\/crbferramentas.com.br\/index.php?rest_route=\/wp\/v2\/users\/2"}],"replies":[{"embeddable":true,"href":"https:\/\/crbferramentas.com.br\/index.php?rest_route=%2Fwp%2Fv2%2Fcomments&post=881"}],"version-history":[{"count":2,"href":"https:\/\/crbferramentas.com.br\/index.php?rest_route=\/wp\/v2\/pages\/881\/revisions"}],"predecessor-version":[{"id":909,"href":"https:\/\/crbferramentas.com.br\/index.php?rest_route=\/wp\/v2\/pages\/881\/revisions\/909"}],"wp:attachment":[{"href":"https:\/\/crbferramentas.com.br\/index.php?rest_route=%2Fwp%2Fv2%2Fmedia&parent=881"}],"curies":[{"name":"wp","href":"https:\/\/api.w.org\/{rel}","templated":true}]}}