{"id":884,"date":"2025-07-26T13:31:19","date_gmt":"2025-07-26T16:31:19","guid":{"rendered":"https:\/\/crbferramentas.com.br\/?page_id=884"},"modified":"2025-07-29T21:10:18","modified_gmt":"2025-07-30T00:10:18","slug":"bedame-e-suportes-de-torneamento","status":"publish","type":"page","link":"https:\/\/crbferramentas.com.br\/?page_id=884","title":{"rendered":"Bedame e Suportes de Torneamento"},"content":{"rendered":"\n<p>Bedame: \u00e9 uma ferramenta de corte canal usada no torneamento manual ou semiautom\u00e1tico, ideal para:<\/p>\n\n\n\n<p>Fazer cortes retos ou canaletas;<\/p>\n\n\n\n<p>Acabar superf\u00edcies;<\/p>\n\n\n\n<p>Separar pe\u00e7as (corte de al\u00edvio ou corte final).<\/p>\n\n\n\n<p>Geralmente tem forma reta e afiada, fixada diretamente no torno.<\/p>\n\n\n\n<figure class=\"wp-block-image size-large\"><img loading=\"lazy\" decoding=\"async\" width=\"1024\" height=\"944\" src=\"https:\/\/crbferramentas.com.br\/wp-content\/uploads\/2025\/07\/WhatsApp-Image-2025-07-29-at-20.50.19-1024x944.jpeg\" alt=\"\" class=\"wp-image-910\" srcset=\"https:\/\/crbferramentas.com.br\/wp-content\/uploads\/2025\/07\/WhatsApp-Image-2025-07-29-at-20.50.19-1024x944.jpeg 1024w, https:\/\/crbferramentas.com.br\/wp-content\/uploads\/2025\/07\/WhatsApp-Image-2025-07-29-at-20.50.19-300x277.jpeg 300w, https:\/\/crbferramentas.com.br\/wp-content\/uploads\/2025\/07\/WhatsApp-Image-2025-07-29-at-20.50.19-768x708.jpeg 768w, https:\/\/crbferramentas.com.br\/wp-content\/uploads\/2025\/07\/WhatsApp-Image-2025-07-29-at-20.50.19.jpeg 1496w\" sizes=\"auto, (max-width: 1024px) 100vw, 1024px\" \/><\/figure>\n\n\n\n<hr class=\"wp-block-separator has-alpha-channel-opacity\"\/>\n\n\n\n<p>Suportes de Torneamento junto com o inserto de corte, realiza opera\u00e7\u00f5es como:<\/p>\n\n\n\n<ul class=\"wp-block-list\">\n<li>Torneamento Externo<\/li>\n\n\n\n<li>Torneamento Interno (Mandrilamento)<\/li>\n\n\n\n<li>Faceamento<\/li>\n\n\n\n<li>Rosqueamento<\/li>\n\n\n\n<li>Canal (Canaleta)<\/li>\n<\/ul>\n\n\n\n<figure class=\"wp-block-image size-large\"><img loading=\"lazy\" decoding=\"async\" width=\"1024\" height=\"1024\" src=\"https:\/\/crbferramentas.com.br\/wp-content\/uploads\/2025\/07\/WhatsApp-Image-2025-07-29-at-20.57.44-1-1024x1024.jpeg\" alt=\"\" class=\"wp-image-914\" srcset=\"https:\/\/crbferramentas.com.br\/wp-content\/uploads\/2025\/07\/WhatsApp-Image-2025-07-29-at-20.57.44-1-1024x1024.jpeg 1024w, https:\/\/crbferramentas.com.br\/wp-content\/uploads\/2025\/07\/WhatsApp-Image-2025-07-29-at-20.57.44-1-300x300.jpeg 300w, https:\/\/crbferramentas.com.br\/wp-content\/uploads\/2025\/07\/WhatsApp-Image-2025-07-29-at-20.57.44-1-150x150.jpeg 150w, https:\/\/crbferramentas.com.br\/wp-content\/uploads\/2025\/07\/WhatsApp-Image-2025-07-29-at-20.57.44-1-768x768.jpeg 768w, https:\/\/crbferramentas.com.br\/wp-content\/uploads\/2025\/07\/WhatsApp-Image-2025-07-29-at-20.57.44-1.jpeg 1496w\" sizes=\"auto, (max-width: 1024px) 100vw, 1024px\" \/><\/figure>\n\n\n\n<figure class=\"wp-block-image size-large\"><img loading=\"lazy\" decoding=\"async\" width=\"1024\" height=\"1024\" src=\"https:\/\/crbferramentas.com.br\/wp-content\/uploads\/2025\/07\/WhatsApp-Image-2025-07-29-at-20.59.02-1024x1024.jpeg\" alt=\"\" class=\"wp-image-915\" srcset=\"https:\/\/crbferramentas.com.br\/wp-content\/uploads\/2025\/07\/WhatsApp-Image-2025-07-29-at-20.59.02-1024x1024.jpeg 1024w, https:\/\/crbferramentas.com.br\/wp-content\/uploads\/2025\/07\/WhatsApp-Image-2025-07-29-at-20.59.02-300x300.jpeg 300w, https:\/\/crbferramentas.com.br\/wp-content\/uploads\/2025\/07\/WhatsApp-Image-2025-07-29-at-20.59.02-150x150.jpeg 150w, https:\/\/crbferramentas.com.br\/wp-content\/uploads\/2025\/07\/WhatsApp-Image-2025-07-29-at-20.59.02-768x768.jpeg 768w, https:\/\/crbferramentas.com.br\/wp-content\/uploads\/2025\/07\/WhatsApp-Image-2025-07-29-at-20.59.02.jpeg 1496w\" sizes=\"auto, (max-width: 1024px) 100vw, 1024px\" \/><\/figure>\n","protected":false},"excerpt":{"rendered":"<p>Bedame: \u00e9 uma ferramenta de corte canal usada no torneamento manual ou semiautom\u00e1tico, ideal para: Fazer cortes retos ou canaletas; Acabar superf\u00edcies; Separar pe\u00e7as (corte de al\u00edvio ou corte final). Geralmente tem forma reta e afiada, fixada diretamente no torno. Suportes de Torneamento junto com o inserto de corte, realiza opera\u00e7\u00f5es como:<\/p>\n","protected":false},"author":2,"featured_media":0,"parent":0,"menu_order":0,"comment_status":"closed","ping_status":"closed","template":"","meta":{"footnotes":""},"class_list":["post-884","page","type-page","status-publish","hentry"],"_links":{"self":[{"href":"https:\/\/crbferramentas.com.br\/index.php?rest_route=\/wp\/v2\/pages\/884","targetHints":{"allow":["GET"]}}],"collection":[{"href":"https:\/\/crbferramentas.com.br\/index.php?rest_route=\/wp\/v2\/pages"}],"about":[{"href":"https:\/\/crbferramentas.com.br\/index.php?rest_route=\/wp\/v2\/types\/page"}],"author":[{"embeddable":true,"href":"https:\/\/crbferramentas.com.br\/index.php?rest_route=\/wp\/v2\/users\/2"}],"replies":[{"embeddable":true,"href":"https:\/\/crbferramentas.com.br\/index.php?rest_route=%2Fwp%2Fv2%2Fcomments&post=884"}],"version-history":[{"count":3,"href":"https:\/\/crbferramentas.com.br\/index.php?rest_route=\/wp\/v2\/pages\/884\/revisions"}],"predecessor-version":[{"id":916,"href":"https:\/\/crbferramentas.com.br\/index.php?rest_route=\/wp\/v2\/pages\/884\/revisions\/916"}],"wp:attachment":[{"href":"https:\/\/crbferramentas.com.br\/index.php?rest_route=%2Fwp%2Fv2%2Fmedia&parent=884"}],"curies":[{"name":"wp","href":"https:\/\/api.w.org\/{rel}","templated":true}]}}