{"id":887,"date":"2025-07-26T13:31:47","date_gmt":"2025-07-26T16:31:47","guid":{"rendered":"https:\/\/crbferramentas.com.br\/?page_id=887"},"modified":"2025-07-29T22:02:23","modified_gmt":"2025-07-30T01:02:23","slug":"capsulas-para-aparelho-micrometrico","status":"publish","type":"page","link":"https:\/\/crbferramentas.com.br\/?page_id=887","title":{"rendered":"C\u00e1psulas para aparelho microm\u00e9trico"},"content":{"rendered":"\n<p>A c\u00e1psula para aparelho microm\u00e9trico, serve para realizar medi\u00e7\u00f5es com acabamento e precis\u00e3o centesimal (ou seja, com precis\u00e3o de 0,01 mm). Garantindo medidas muito exatas.<\/p>\n\n\n\n<figure class=\"wp-block-image size-large\"><img loading=\"lazy\" decoding=\"async\" width=\"1024\" height=\"852\" src=\"https:\/\/crbferramentas.com.br\/wp-content\/uploads\/2025\/07\/WhatsApp-Image-2025-07-29-at-21.25.25-1-1024x852.jpeg\" alt=\"\" class=\"wp-image-930\" srcset=\"https:\/\/crbferramentas.com.br\/wp-content\/uploads\/2025\/07\/WhatsApp-Image-2025-07-29-at-21.25.25-1-1024x852.jpeg 1024w, https:\/\/crbferramentas.com.br\/wp-content\/uploads\/2025\/07\/WhatsApp-Image-2025-07-29-at-21.25.25-1-300x250.jpeg 300w, https:\/\/crbferramentas.com.br\/wp-content\/uploads\/2025\/07\/WhatsApp-Image-2025-07-29-at-21.25.25-1-768x639.jpeg 768w, https:\/\/crbferramentas.com.br\/wp-content\/uploads\/2025\/07\/WhatsApp-Image-2025-07-29-at-21.25.25-1-1536x1279.jpeg 1536w, https:\/\/crbferramentas.com.br\/wp-content\/uploads\/2025\/07\/WhatsApp-Image-2025-07-29-at-21.25.25-1.jpeg 1600w\" sizes=\"auto, (max-width: 1024px) 100vw, 1024px\" \/><\/figure>\n","protected":false},"excerpt":{"rendered":"<p>A c\u00e1psula para aparelho microm\u00e9trico, serve para realizar medi\u00e7\u00f5es com acabamento e precis\u00e3o centesimal (ou seja, com precis\u00e3o de 0,01 mm). Garantindo medidas muito exatas.<\/p>\n","protected":false},"author":2,"featured_media":0,"parent":0,"menu_order":0,"comment_status":"closed","ping_status":"closed","template":"","meta":{"footnotes":""},"class_list":["post-887","page","type-page","status-publish","hentry"],"_links":{"self":[{"href":"https:\/\/crbferramentas.com.br\/index.php?rest_route=\/wp\/v2\/pages\/887","targetHints":{"allow":["GET"]}}],"collection":[{"href":"https:\/\/crbferramentas.com.br\/index.php?rest_route=\/wp\/v2\/pages"}],"about":[{"href":"https:\/\/crbferramentas.com.br\/index.php?rest_route=\/wp\/v2\/types\/page"}],"author":[{"embeddable":true,"href":"https:\/\/crbferramentas.com.br\/index.php?rest_route=\/wp\/v2\/users\/2"}],"replies":[{"embeddable":true,"href":"https:\/\/crbferramentas.com.br\/index.php?rest_route=%2Fwp%2Fv2%2Fcomments&post=887"}],"version-history":[{"count":2,"href":"https:\/\/crbferramentas.com.br\/index.php?rest_route=\/wp\/v2\/pages\/887\/revisions"}],"predecessor-version":[{"id":931,"href":"https:\/\/crbferramentas.com.br\/index.php?rest_route=\/wp\/v2\/pages\/887\/revisions\/931"}],"wp:attachment":[{"href":"https:\/\/crbferramentas.com.br\/index.php?rest_route=%2Fwp%2Fv2%2Fmedia&parent=887"}],"curies":[{"name":"wp","href":"https:\/\/api.w.org\/{rel}","templated":true}]}}