{"id":890,"date":"2025-07-26T13:32:08","date_gmt":"2025-07-26T16:32:08","guid":{"rendered":"https:\/\/crbferramentas.com.br\/?page_id=890"},"modified":"2025-08-05T20:23:50","modified_gmt":"2025-08-05T23:23:50","slug":"fresa-disco-virabrequins","status":"publish","type":"page","link":"https:\/\/crbferramentas.com.br\/?page_id=890","title":{"rendered":"Fresa Disco Virabrequins"},"content":{"rendered":"\n<p>Fresa disco para virabrequim \u00e9 uma ferramenta de corte em formato de disco usada para usinar e ajustar as superf\u00edcies do virabrequim, garantindo acabamento e precis\u00e3o para o bom funcionamento do motor.<\/p>\n\n\n\n<figure class=\"wp-block-image size-large\"><img loading=\"lazy\" decoding=\"async\" width=\"1014\" height=\"1024\" src=\"https:\/\/crbferramentas.com.br\/wp-content\/uploads\/2025\/07\/WhatsApp-Image-2025-07-29-at-21.27.08-1014x1024.jpeg\" alt=\"\" class=\"wp-image-932\" srcset=\"https:\/\/crbferramentas.com.br\/wp-content\/uploads\/2025\/07\/WhatsApp-Image-2025-07-29-at-21.27.08-1014x1024.jpeg 1014w, https:\/\/crbferramentas.com.br\/wp-content\/uploads\/2025\/07\/WhatsApp-Image-2025-07-29-at-21.27.08-297x300.jpeg 297w, https:\/\/crbferramentas.com.br\/wp-content\/uploads\/2025\/07\/WhatsApp-Image-2025-07-29-at-21.27.08-150x150.jpeg 150w, https:\/\/crbferramentas.com.br\/wp-content\/uploads\/2025\/07\/WhatsApp-Image-2025-07-29-at-21.27.08-768x776.jpeg 768w, https:\/\/crbferramentas.com.br\/wp-content\/uploads\/2025\/07\/WhatsApp-Image-2025-07-29-at-21.27.08.jpeg 1200w\" sizes=\"auto, (max-width: 1014px) 100vw, 1014px\" \/><\/figure>\n","protected":false},"excerpt":{"rendered":"<p>Fresa disco para virabrequim \u00e9 uma ferramenta de corte em formato de disco usada para usinar e ajustar as superf\u00edcies do virabrequim, garantindo acabamento e precis\u00e3o para o bom funcionamento do motor.<\/p>\n","protected":false},"author":2,"featured_media":0,"parent":0,"menu_order":0,"comment_status":"closed","ping_status":"closed","template":"","meta":{"footnotes":""},"class_list":["post-890","page","type-page","status-publish","hentry"],"_links":{"self":[{"href":"https:\/\/crbferramentas.com.br\/index.php?rest_route=\/wp\/v2\/pages\/890","targetHints":{"allow":["GET"]}}],"collection":[{"href":"https:\/\/crbferramentas.com.br\/index.php?rest_route=\/wp\/v2\/pages"}],"about":[{"href":"https:\/\/crbferramentas.com.br\/index.php?rest_route=\/wp\/v2\/types\/page"}],"author":[{"embeddable":true,"href":"https:\/\/crbferramentas.com.br\/index.php?rest_route=\/wp\/v2\/users\/2"}],"replies":[{"embeddable":true,"href":"https:\/\/crbferramentas.com.br\/index.php?rest_route=%2Fwp%2Fv2%2Fcomments&post=890"}],"version-history":[{"count":5,"href":"https:\/\/crbferramentas.com.br\/index.php?rest_route=\/wp\/v2\/pages\/890\/revisions"}],"predecessor-version":[{"id":1011,"href":"https:\/\/crbferramentas.com.br\/index.php?rest_route=\/wp\/v2\/pages\/890\/revisions\/1011"}],"wp:attachment":[{"href":"https:\/\/crbferramentas.com.br\/index.php?rest_route=%2Fwp%2Fv2%2Fmedia&parent=890"}],"curies":[{"name":"wp","href":"https:\/\/api.w.org\/{rel}","templated":true}]}}