{"id":893,"date":"2025-07-26T13:32:30","date_gmt":"2025-07-26T16:32:30","guid":{"rendered":"https:\/\/crbferramentas.com.br\/?page_id=893"},"modified":"2025-07-29T22:05:43","modified_gmt":"2025-07-30T01:05:43","slug":"fresa-abacaxi","status":"publish","type":"page","link":"https:\/\/crbferramentas.com.br\/?page_id=893","title":{"rendered":"Fresa Abacaxi"},"content":{"rendered":"\n<p>A fresa abacaxi \u00e9 uma ferramenta eficiente para opera\u00e7\u00f5es de desbaste e acabamento em diferentes tipos de materiais, especialmente quando se deseja uma usinagem r\u00e1pida e com boa qualidade superficial.<\/p>\n\n\n\n<figure class=\"wp-block-image size-large\"><img loading=\"lazy\" decoding=\"async\" width=\"1024\" height=\"768\" src=\"https:\/\/crbferramentas.com.br\/wp-content\/uploads\/2025\/07\/WhatsApp-Image-2025-07-29-at-21.55.28-1024x768.jpeg\" alt=\"\" class=\"wp-image-939\" srcset=\"https:\/\/crbferramentas.com.br\/wp-content\/uploads\/2025\/07\/WhatsApp-Image-2025-07-29-at-21.55.28-1024x768.jpeg 1024w, https:\/\/crbferramentas.com.br\/wp-content\/uploads\/2025\/07\/WhatsApp-Image-2025-07-29-at-21.55.28-300x225.jpeg 300w, https:\/\/crbferramentas.com.br\/wp-content\/uploads\/2025\/07\/WhatsApp-Image-2025-07-29-at-21.55.28-768x576.jpeg 768w, https:\/\/crbferramentas.com.br\/wp-content\/uploads\/2025\/07\/WhatsApp-Image-2025-07-29-at-21.55.28-1536x1152.jpeg 1536w, https:\/\/crbferramentas.com.br\/wp-content\/uploads\/2025\/07\/WhatsApp-Image-2025-07-29-at-21.55.28.jpeg 1600w\" sizes=\"auto, (max-width: 1024px) 100vw, 1024px\" \/><\/figure>\n","protected":false},"excerpt":{"rendered":"<p>A fresa abacaxi \u00e9 uma ferramenta eficiente para opera\u00e7\u00f5es de desbaste e acabamento em diferentes tipos de materiais, especialmente quando se deseja uma usinagem r\u00e1pida e com boa qualidade superficial.<\/p>\n","protected":false},"author":2,"featured_media":0,"parent":0,"menu_order":0,"comment_status":"closed","ping_status":"closed","template":"","meta":{"footnotes":""},"class_list":["post-893","page","type-page","status-publish","hentry"],"_links":{"self":[{"href":"https:\/\/crbferramentas.com.br\/index.php?rest_route=\/wp\/v2\/pages\/893","targetHints":{"allow":["GET"]}}],"collection":[{"href":"https:\/\/crbferramentas.com.br\/index.php?rest_route=\/wp\/v2\/pages"}],"about":[{"href":"https:\/\/crbferramentas.com.br\/index.php?rest_route=\/wp\/v2\/types\/page"}],"author":[{"embeddable":true,"href":"https:\/\/crbferramentas.com.br\/index.php?rest_route=\/wp\/v2\/users\/2"}],"replies":[{"embeddable":true,"href":"https:\/\/crbferramentas.com.br\/index.php?rest_route=%2Fwp%2Fv2%2Fcomments&post=893"}],"version-history":[{"count":2,"href":"https:\/\/crbferramentas.com.br\/index.php?rest_route=\/wp\/v2\/pages\/893\/revisions"}],"predecessor-version":[{"id":940,"href":"https:\/\/crbferramentas.com.br\/index.php?rest_route=\/wp\/v2\/pages\/893\/revisions\/940"}],"wp:attachment":[{"href":"https:\/\/crbferramentas.com.br\/index.php?rest_route=%2Fwp%2Fv2%2Fmedia&parent=893"}],"curies":[{"name":"wp","href":"https:\/\/api.w.org\/{rel}","templated":true}]}}